{"id":3863,"date":"2020-01-31T09:17:30","date_gmt":"2020-01-31T09:17:30","guid":{"rendered":"https:\/\/florence-boisson.fr\/artiste-photographe-photo-photographie-d-art-femme-expression-corporelle\/?page_id=3863"},"modified":"2021-04-01T08:38:57","modified_gmt":"2021-04-01T08:38:57","slug":"mentions-legales","status":"publish","type":"page","link":"https:\/\/florence-boisson.fr\/artiste-photographe-photo-photographie-d-art-femme-expression-corporelle\/mentions-legales\/","title":{"rendered":"Mentions l\u00e9gales"},"content":{"rendered":"<div class=\"wpb-content-wrapper\"><p>[vc_row row_height_percent=\u00a0\u00bb0&Prime; override_padding=\u00a0\u00bbyes\u00a0\u00bb h_padding=\u00a0\u00bb2&Prime; top_padding=\u00a0\u00bb0&Prime; bottom_padding=\u00a0\u00bb0&Prime; overlay_alpha=\u00a0\u00bb50&Prime; gutter_size=\u00a0\u00bb3&Prime; column_width_percent=\u00a0\u00bb100&Prime; shift_y=\u00a0\u00bb0&Prime; z_index=\u00a0\u00bb0&Prime; el_id=\u00a0\u00bbespace\u00a0\u00bb el_class=\u00a0\u00bbespace\u00a0\u00bb][vc_column column_width_percent=\u00a0\u00bb100&Prime; gutter_size=\u00a0\u00bb0&Prime; overlay_alpha=\u00a0\u00bb50&Prime; shift_x=\u00a0\u00bb0&Prime; shift_y=\u00a0\u00bb0&Prime; shift_y_down=\u00a0\u00bb0&Prime; z_index=\u00a0\u00bb0&Prime; medium_width=\u00a0\u00bb0&Prime; mobile_width=\u00a0\u00bb0&Prime; el_class=\u00a0\u00bbespace\u00a0\u00bb][vc_empty_space empty_h=\u00a0\u00bb2&Prime;][vc_column_text]<\/p>\n<h1 style=\"color: black; line-height: 10px;\"><strong>MENTIONS L<\/strong><strong>\u00c9GALES<\/strong><\/h1>\n<p>www.florence-boisson.fr<\/p>\n<h2 style=\"color: black;\"><strong>\u00c9dition\u00a0: <\/strong><\/h2>\n<p>Le site internet Florence Boisson, artiste photographe<br \/>\nest \u00e9dit\u00e9 par Benoit Mallet.[\/vc_column_text][vc_empty_space empty_h=\u00a0\u00bb0&Prime;][vc_button button_color=\u00a0\u00bbcolor-191763&Prime; border_width=\u00a0\u00bb0&Prime; link=\u00a0\u00bburl:mailto%3Abenoit.mallet%40gmail.com||target:%20_blank|\u00a0\u00bb]CONTACT[\/vc_button][vc_empty_space empty_h=\u00a0\u00bb2&Prime;][vc_column_text]<\/p>\n<h2 style=\"color: black;\"><strong>H<\/strong><strong>\u00e9bergement :<\/strong><\/h2>\n<p>Site h\u00e9berg\u00e9 par\u00a0: SARL O2switch<\/p>\n<p>Adresse\u00a0: 222-224 Boulevard Gustave Flaubert<br \/>\n63 000 Clermont-Ferrand<\/p>\n<p>Tel\u00a0: 04 44 44 60 40<\/p>\n<h2 style=\"color: black;\"><strong>R<\/strong><strong>\u00e9alisation :<\/strong><\/h2>\n<p>Cr\u00e9ation : 2020 &#8211; 2021<\/p>\n<p><a href=\"https:\/\/www.tnc-communication.fr\" target=\"_blank\" rel=\"noopener noreferrer\"><img decoding=\"async\" class=\"wp-image-3864 size-medium alignnone\" src=\"https:\/\/www.florence-boisson.fr\/wp-content\/uploads\/2020\/01\/TNC-logo-agence-de-communication-globale-digitale-paris-creation-site-internet-web-florence-boisson-e1580463507939-300x38.png\" alt=\"TN\u2019C agence de communication globale, publicit\u00e9, relations presse media \u00e0 Paris 75 005, TNC agence digitale cr\u00e9ation animation site internet web maintenance site internet web Florence Boisson artiste photographe, photo d\u2019art artistique femme et expression corporelle\" width=\"300\" height=\"38\" srcset=\"https:\/\/www.florence-boisson.fr\/wp-content\/uploads\/2020\/01\/TNC-logo-agence-de-communication-globale-digitale-paris-creation-site-internet-web-florence-boisson-e1580463507939-300x38.png 300w, https:\/\/www.florence-boisson.fr\/wp-content\/uploads\/2020\/01\/TNC-logo-agence-de-communication-globale-digitale-paris-creation-site-internet-web-florence-boisson-e1580463507939-1024x130.png 1024w, https:\/\/www.florence-boisson.fr\/wp-content\/uploads\/2020\/01\/TNC-logo-agence-de-communication-globale-digitale-paris-creation-site-internet-web-florence-boisson-e1580463507939-768x97.png 768w, https:\/\/www.florence-boisson.fr\/wp-content\/uploads\/2020\/01\/TNC-logo-agence-de-communication-globale-digitale-paris-creation-site-internet-web-florence-boisson-e1580463507939.png 1232w\" sizes=\"(max-width: 300px) 100vw, 300px\" \/><\/a><\/p>\n<p>TN\u2019C Contact : 01 43 26 17 45 \u2013\u00a0<a href=\"mailto:contact@tnc-communication.fr\" target=\"_blank\" rel=\"noopener noreferrer\">contact@tnc-communication.fr<\/a><\/p>\n<h2 style=\"color: black;\"><strong>Droits et propri\u00e9t\u00e9 intellectuelle<\/strong><\/h2>\n<p>Les photographies, textes, visuels et logos figurant sur ce site sont la propri\u00e9t\u00e9 exclusive de Florence Boisson et de ses ayants droit.<\/p>\n<p>L\u2019article L122-4 du Code de la Propri\u00e9t\u00e9 Intellectuelle rappelle que \u00ab\u00a0toute repr\u00e9sentation ou reproduction int\u00e9grale ou partielle faite sans le consentement de l&rsquo;auteur ou de ses ayants droit ou ayants cause est illicite. Il en est de m\u00eame pour la traduction, l&rsquo;adaptation ou la transformation, l&rsquo;arrangement ou la reproduction par un art ou un proc\u00e9d\u00e9 quelconque.\u00a0\u00bb<\/p>\n<p>Le non-respect de ces interdictions peut constituer un acte de contrefa\u00e7on engageant la responsabilit\u00e9 civile et\/ou p\u00e9nale de tout contrevenant.<\/p>\n<p>Pour toute demande, contactez l\u2019\u00e9diteur du site.[\/vc_column_text][vc_empty_space empty_h=\u00a0\u00bb2&Prime;][\/vc_column][\/vc_row]<\/p>\n<\/div>","protected":false},"excerpt":{"rendered":"<p>[vc_row row_height_percent=\u00a0\u00bb0&Prime; override_padding=\u00a0\u00bbyes\u00a0\u00bb h_padding=\u00a0\u00bb2&Prime; top_padding=\u00a0\u00bb0&Prime; bottom_padding=\u00a0\u00bb0&Prime; overlay_alpha=\u00a0\u00bb50&Prime; gutter_size=\u00a0\u00bb3&Prime; column_width_percent=\u00a0\u00bb100&Prime; shift_y=\u00a0\u00bb0&Prime; z_index=\u00a0\u00bb0&Prime; el_id=\u00a0\u00bbespace\u00a0\u00bb el_class=\u00a0\u00bbespace\u00a0\u00bb][vc_column column_width_percent=\u00a0\u00bb100&Prime; gutter_size=\u00a0\u00bb0&Prime; overlay_alpha=\u00a0\u00bb50&Prime; shift_x=\u00a0\u00bb0&Prime; shift_y=\u00a0\u00bb0&Prime; shift_y_down=\u00a0\u00bb0&Prime; z_index=\u00a0\u00bb0&Prime; [&hellip;]<\/p>\n","protected":false},"author":1,"featured_media":0,"parent":0,"menu_order":0,"comment_status":"closed","ping_status":"closed","template":"","meta":{"_monsterinsights_skip_tracking":false,"_monsterinsights_sitenote_active":false,"_monsterinsights_sitenote_note":"","_monsterinsights_sitenote_category":0,"footnotes":""},"class_list":["post-3863","page","type-page","status-publish","hentry"],"yoast_head":"<!-- This site is optimized with the Yoast SEO plugin v25.9 - https:\/\/yoast.com\/wordpress\/plugins\/seo\/ -->\n<title>FLORENCE BOISSON, Artiste photographe, photo d\u2019art artistique, Mentions l\u00e9gales<\/title>\n<meta name=\"description\" content=\"Mentions l\u00e9gales du site web Florence Boisson, artiste photographe, proposant 8 galeries photos d\u2019art consacr\u00e9e consacr\u00e9es \u00e0 la femme, \u00e0 la nature, \u00e0 la danse et \u00e0 l\u2019expression corporelle. Huit galeries de photos artistiques noir et blanc et couleur, d\u00e9di\u00e9es au corps, au mouvement, \u00e0 l\u2019expression des sens et de la sensibilit\u00e9 \u00e0 fleur de peau. Le site internet collection photo d\u2019art de Florence Boisson est \u00e9dit\u00e9 par Benoit Mallet. Florence Boisson, photographe artiste et photographie artistique. Cr\u00e9ation et r\u00e9alisation site web : TN\u2019C agence de communication globale \u00e0 Paris\" \/>\n<meta name=\"robots\" content=\"index, follow, max-snippet:-1, max-image-preview:large, max-video-preview:-1\" \/>\n<link rel=\"canonical\" href=\"https:\/\/florence-boisson.fr\/artiste-photographe-photo-photographie-d-art-femme-expression-corporelle\/mentions-legales\/\" \/>\n<meta property=\"og:locale\" content=\"fr_FR\" \/>\n<meta property=\"og:type\" content=\"article\" \/>\n<meta property=\"og:title\" content=\"FLORENCE BOISSON, Artiste photographe, photo d\u2019art artistique, Mentions l\u00e9gales\" \/>\n<meta property=\"og:description\" content=\"Mentions l\u00e9gales du site web Florence Boisson, artiste photographe, proposant 8 galeries photos d\u2019art consacr\u00e9e consacr\u00e9es \u00e0 la femme, \u00e0 la nature, \u00e0 la danse et \u00e0 l\u2019expression corporelle. Huit galeries de photos artistiques noir et blanc et couleur, d\u00e9di\u00e9es au corps, au mouvement, \u00e0 l\u2019expression des sens et de la sensibilit\u00e9 \u00e0 fleur de peau. Le site internet collection photo d\u2019art de Florence Boisson est \u00e9dit\u00e9 par Benoit Mallet. Florence Boisson, photographe artiste et photographie artistique. Cr\u00e9ation et r\u00e9alisation site web : TN\u2019C agence de communication globale \u00e0 Paris\" \/>\n<meta property=\"og:url\" content=\"https:\/\/florence-boisson.fr\/artiste-photographe-photo-photographie-d-art-femme-expression-corporelle\/mentions-legales\/\" \/>\n<meta property=\"og:site_name\" content=\"Florence Boisson\" \/>\n<meta property=\"article:modified_time\" content=\"2021-04-01T08:38:57+00:00\" \/>\n<meta property=\"og:image\" content=\"https:\/\/www.florence-boisson.fr\/wp-content\/uploads\/2020\/01\/TNC-logo-agence-de-communication-globale-digitale-paris-creation-site-internet-web-florence-boisson-e1580463507939-300x38.png\" \/>\n<meta name=\"twitter:card\" content=\"summary_large_image\" \/>\n<meta name=\"twitter:label1\" content=\"Dur\u00e9e de lecture estim\u00e9e\" \/>\n\t<meta name=\"twitter:data1\" content=\"2 minutes\" \/>\n<script type=\"application\/ld+json\" class=\"yoast-schema-graph\">{\"@context\":\"https:\/\/schema.org\",\"@graph\":[{\"@type\":\"WebPage\",\"@id\":\"https:\/\/florence-boisson.fr\/artiste-photographe-photo-photographie-d-art-femme-expression-corporelle\/mentions-legales\/\",\"url\":\"https:\/\/florence-boisson.fr\/artiste-photographe-photo-photographie-d-art-femme-expression-corporelle\/mentions-legales\/\",\"name\":\"FLORENCE BOISSON, Artiste photographe, photo d\u2019art artistique, Mentions l\u00e9gales\",\"isPartOf\":{\"@id\":\"https:\/\/florence-boisson.fr\/artiste-photographe-photo-photographie-d-art-femme-expression-corporelle\/#website\"},\"primaryImageOfPage\":{\"@id\":\"https:\/\/florence-boisson.fr\/artiste-photographe-photo-photographie-d-art-femme-expression-corporelle\/mentions-legales\/#primaryimage\"},\"image\":{\"@id\":\"https:\/\/florence-boisson.fr\/artiste-photographe-photo-photographie-d-art-femme-expression-corporelle\/mentions-legales\/#primaryimage\"},\"thumbnailUrl\":\"https:\/\/www.florence-boisson.fr\/wp-content\/uploads\/2020\/01\/TNC-logo-agence-de-communication-globale-digitale-paris-creation-site-internet-web-florence-boisson-e1580463507939-300x38.png\",\"datePublished\":\"2020-01-31T09:17:30+00:00\",\"dateModified\":\"2021-04-01T08:38:57+00:00\",\"description\":\"Mentions l\u00e9gales du site web Florence Boisson, artiste photographe, proposant 8 galeries photos d\u2019art consacr\u00e9e consacr\u00e9es \u00e0 la femme, \u00e0 la nature, \u00e0 la danse et \u00e0 l\u2019expression corporelle. Huit galeries de photos artistiques noir et blanc et couleur, d\u00e9di\u00e9es au corps, au mouvement, \u00e0 l\u2019expression des sens et de la sensibilit\u00e9 \u00e0 fleur de peau. Le site internet collection photo d\u2019art de Florence Boisson est \u00e9dit\u00e9 par Benoit Mallet. Florence Boisson, photographe artiste et photographie artistique. Cr\u00e9ation et r\u00e9alisation site web : TN\u2019C agence de communication globale \u00e0 Paris\",\"breadcrumb\":{\"@id\":\"https:\/\/florence-boisson.fr\/artiste-photographe-photo-photographie-d-art-femme-expression-corporelle\/mentions-legales\/#breadcrumb\"},\"inLanguage\":\"fr-FR\",\"potentialAction\":[{\"@type\":\"ReadAction\",\"target\":[\"https:\/\/florence-boisson.fr\/artiste-photographe-photo-photographie-d-art-femme-expression-corporelle\/mentions-legales\/\"]}]},{\"@type\":\"ImageObject\",\"inLanguage\":\"fr-FR\",\"@id\":\"https:\/\/florence-boisson.fr\/artiste-photographe-photo-photographie-d-art-femme-expression-corporelle\/mentions-legales\/#primaryimage\",\"url\":\"https:\/\/www.florence-boisson.fr\/wp-content\/uploads\/2020\/01\/TNC-logo-agence-de-communication-globale-digitale-paris-creation-site-internet-web-florence-boisson-e1580463507939-300x38.png\",\"contentUrl\":\"https:\/\/www.florence-boisson.fr\/wp-content\/uploads\/2020\/01\/TNC-logo-agence-de-communication-globale-digitale-paris-creation-site-internet-web-florence-boisson-e1580463507939-300x38.png\"},{\"@type\":\"BreadcrumbList\",\"@id\":\"https:\/\/florence-boisson.fr\/artiste-photographe-photo-photographie-d-art-femme-expression-corporelle\/mentions-legales\/#breadcrumb\",\"itemListElement\":[{\"@type\":\"ListItem\",\"position\":1,\"name\":\"Accueil\",\"item\":\"https:\/\/florence-boisson.fr\/artiste-photographe-photo-photographie-d-art-femme-expression-corporelle\/\"},{\"@type\":\"ListItem\",\"position\":2,\"name\":\"Mentions l\u00e9gales\"}]},{\"@type\":\"WebSite\",\"@id\":\"https:\/\/florence-boisson.fr\/artiste-photographe-photo-photographie-d-art-femme-expression-corporelle\/#website\",\"url\":\"https:\/\/florence-boisson.fr\/artiste-photographe-photo-photographie-d-art-femme-expression-corporelle\/\",\"name\":\"Florence Boisson\",\"description\":\"Artiste photographe\",\"potentialAction\":[{\"@type\":\"SearchAction\",\"target\":{\"@type\":\"EntryPoint\",\"urlTemplate\":\"https:\/\/florence-boisson.fr\/artiste-photographe-photo-photographie-d-art-femme-expression-corporelle\/?s={search_term_string}\"},\"query-input\":{\"@type\":\"PropertyValueSpecification\",\"valueRequired\":true,\"valueName\":\"search_term_string\"}}],\"inLanguage\":\"fr-FR\"}]}<\/script>\n<!-- \/ Yoast SEO plugin. -->","yoast_head_json":{"title":"FLORENCE BOISSON, Artiste photographe, photo d\u2019art artistique, Mentions l\u00e9gales","description":"Mentions l\u00e9gales du site web Florence Boisson, artiste photographe, proposant 8 galeries photos d\u2019art consacr\u00e9e consacr\u00e9es \u00e0 la femme, \u00e0 la nature, \u00e0 la danse et \u00e0 l\u2019expression corporelle. Huit galeries de photos artistiques noir et blanc et couleur, d\u00e9di\u00e9es au corps, au mouvement, \u00e0 l\u2019expression des sens et de la sensibilit\u00e9 \u00e0 fleur de peau. Le site internet collection photo d\u2019art de Florence Boisson est \u00e9dit\u00e9 par Benoit Mallet. Florence Boisson, photographe artiste et photographie artistique. Cr\u00e9ation et r\u00e9alisation site web : TN\u2019C agence de communication globale \u00e0 Paris","robots":{"index":"index","follow":"follow","max-snippet":"max-snippet:-1","max-image-preview":"max-image-preview:large","max-video-preview":"max-video-preview:-1"},"canonical":"https:\/\/florence-boisson.fr\/artiste-photographe-photo-photographie-d-art-femme-expression-corporelle\/mentions-legales\/","og_locale":"fr_FR","og_type":"article","og_title":"FLORENCE BOISSON, Artiste photographe, photo d\u2019art artistique, Mentions l\u00e9gales","og_description":"Mentions l\u00e9gales du site web Florence Boisson, artiste photographe, proposant 8 galeries photos d\u2019art consacr\u00e9e consacr\u00e9es \u00e0 la femme, \u00e0 la nature, \u00e0 la danse et \u00e0 l\u2019expression corporelle. Huit galeries de photos artistiques noir et blanc et couleur, d\u00e9di\u00e9es au corps, au mouvement, \u00e0 l\u2019expression des sens et de la sensibilit\u00e9 \u00e0 fleur de peau. Le site internet collection photo d\u2019art de Florence Boisson est \u00e9dit\u00e9 par Benoit Mallet. Florence Boisson, photographe artiste et photographie artistique. Cr\u00e9ation et r\u00e9alisation site web : TN\u2019C agence de communication globale \u00e0 Paris","og_url":"https:\/\/florence-boisson.fr\/artiste-photographe-photo-photographie-d-art-femme-expression-corporelle\/mentions-legales\/","og_site_name":"Florence Boisson","article_modified_time":"2021-04-01T08:38:57+00:00","og_image":[{"url":"https:\/\/www.florence-boisson.fr\/wp-content\/uploads\/2020\/01\/TNC-logo-agence-de-communication-globale-digitale-paris-creation-site-internet-web-florence-boisson-e1580463507939-300x38.png","type":"","width":"","height":""}],"twitter_card":"summary_large_image","twitter_misc":{"Dur\u00e9e de lecture estim\u00e9e":"2 minutes"},"schema":{"@context":"https:\/\/schema.org","@graph":[{"@type":"WebPage","@id":"https:\/\/florence-boisson.fr\/artiste-photographe-photo-photographie-d-art-femme-expression-corporelle\/mentions-legales\/","url":"https:\/\/florence-boisson.fr\/artiste-photographe-photo-photographie-d-art-femme-expression-corporelle\/mentions-legales\/","name":"FLORENCE BOISSON, Artiste photographe, photo d\u2019art artistique, Mentions l\u00e9gales","isPartOf":{"@id":"https:\/\/florence-boisson.fr\/artiste-photographe-photo-photographie-d-art-femme-expression-corporelle\/#website"},"primaryImageOfPage":{"@id":"https:\/\/florence-boisson.fr\/artiste-photographe-photo-photographie-d-art-femme-expression-corporelle\/mentions-legales\/#primaryimage"},"image":{"@id":"https:\/\/florence-boisson.fr\/artiste-photographe-photo-photographie-d-art-femme-expression-corporelle\/mentions-legales\/#primaryimage"},"thumbnailUrl":"https:\/\/www.florence-boisson.fr\/wp-content\/uploads\/2020\/01\/TNC-logo-agence-de-communication-globale-digitale-paris-creation-site-internet-web-florence-boisson-e1580463507939-300x38.png","datePublished":"2020-01-31T09:17:30+00:00","dateModified":"2021-04-01T08:38:57+00:00","description":"Mentions l\u00e9gales du site web Florence Boisson, artiste photographe, proposant 8 galeries photos d\u2019art consacr\u00e9e consacr\u00e9es \u00e0 la femme, \u00e0 la nature, \u00e0 la danse et \u00e0 l\u2019expression corporelle. Huit galeries de photos artistiques noir et blanc et couleur, d\u00e9di\u00e9es au corps, au mouvement, \u00e0 l\u2019expression des sens et de la sensibilit\u00e9 \u00e0 fleur de peau. Le site internet collection photo d\u2019art de Florence Boisson est \u00e9dit\u00e9 par Benoit Mallet. Florence Boisson, photographe artiste et photographie artistique. Cr\u00e9ation et r\u00e9alisation site web : TN\u2019C agence de communication globale \u00e0 Paris","breadcrumb":{"@id":"https:\/\/florence-boisson.fr\/artiste-photographe-photo-photographie-d-art-femme-expression-corporelle\/mentions-legales\/#breadcrumb"},"inLanguage":"fr-FR","potentialAction":[{"@type":"ReadAction","target":["https:\/\/florence-boisson.fr\/artiste-photographe-photo-photographie-d-art-femme-expression-corporelle\/mentions-legales\/"]}]},{"@type":"ImageObject","inLanguage":"fr-FR","@id":"https:\/\/florence-boisson.fr\/artiste-photographe-photo-photographie-d-art-femme-expression-corporelle\/mentions-legales\/#primaryimage","url":"https:\/\/www.florence-boisson.fr\/wp-content\/uploads\/2020\/01\/TNC-logo-agence-de-communication-globale-digitale-paris-creation-site-internet-web-florence-boisson-e1580463507939-300x38.png","contentUrl":"https:\/\/www.florence-boisson.fr\/wp-content\/uploads\/2020\/01\/TNC-logo-agence-de-communication-globale-digitale-paris-creation-site-internet-web-florence-boisson-e1580463507939-300x38.png"},{"@type":"BreadcrumbList","@id":"https:\/\/florence-boisson.fr\/artiste-photographe-photo-photographie-d-art-femme-expression-corporelle\/mentions-legales\/#breadcrumb","itemListElement":[{"@type":"ListItem","position":1,"name":"Accueil","item":"https:\/\/florence-boisson.fr\/artiste-photographe-photo-photographie-d-art-femme-expression-corporelle\/"},{"@type":"ListItem","position":2,"name":"Mentions l\u00e9gales"}]},{"@type":"WebSite","@id":"https:\/\/florence-boisson.fr\/artiste-photographe-photo-photographie-d-art-femme-expression-corporelle\/#website","url":"https:\/\/florence-boisson.fr\/artiste-photographe-photo-photographie-d-art-femme-expression-corporelle\/","name":"Florence Boisson","description":"Artiste photographe","potentialAction":[{"@type":"SearchAction","target":{"@type":"EntryPoint","urlTemplate":"https:\/\/florence-boisson.fr\/artiste-photographe-photo-photographie-d-art-femme-expression-corporelle\/?s={search_term_string}"},"query-input":{"@type":"PropertyValueSpecification","valueRequired":true,"valueName":"search_term_string"}}],"inLanguage":"fr-FR"}]}},"_links":{"self":[{"href":"https:\/\/florence-boisson.fr\/artiste-photographe-photo-photographie-d-art-femme-expression-corporelle\/wp-json\/wp\/v2\/pages\/3863","targetHints":{"allow":["GET"]}}],"collection":[{"href":"https:\/\/florence-boisson.fr\/artiste-photographe-photo-photographie-d-art-femme-expression-corporelle\/wp-json\/wp\/v2\/pages"}],"about":[{"href":"https:\/\/florence-boisson.fr\/artiste-photographe-photo-photographie-d-art-femme-expression-corporelle\/wp-json\/wp\/v2\/types\/page"}],"author":[{"embeddable":true,"href":"https:\/\/florence-boisson.fr\/artiste-photographe-photo-photographie-d-art-femme-expression-corporelle\/wp-json\/wp\/v2\/users\/1"}],"replies":[{"embeddable":true,"href":"https:\/\/florence-boisson.fr\/artiste-photographe-photo-photographie-d-art-femme-expression-corporelle\/wp-json\/wp\/v2\/comments?post=3863"}],"version-history":[{"count":24,"href":"https:\/\/florence-boisson.fr\/artiste-photographe-photo-photographie-d-art-femme-expression-corporelle\/wp-json\/wp\/v2\/pages\/3863\/revisions"}],"predecessor-version":[{"id":4100,"href":"https:\/\/florence-boisson.fr\/artiste-photographe-photo-photographie-d-art-femme-expression-corporelle\/wp-json\/wp\/v2\/pages\/3863\/revisions\/4100"}],"wp:attachment":[{"href":"https:\/\/florence-boisson.fr\/artiste-photographe-photo-photographie-d-art-femme-expression-corporelle\/wp-json\/wp\/v2\/media?parent=3863"}],"curies":[{"name":"wp","href":"https:\/\/api.w.org\/{rel}","templated":true}]}}